{"id":7266,"date":"2019-07-16T14:15:38","date_gmt":"2019-07-16T12:15:38","guid":{"rendered":"http:\/\/wp-diroy.localhost\/experience-literie\/"},"modified":"2019-12-12T10:45:07","modified_gmt":"2019-12-12T09:45:07","slug":"bedding-experience","status":"publish","type":"page","link":"https:\/\/diroy.com\/en\/bedding-experience\/","title":{"rendered":"Bedding experience"},"content":{"rendered":"\n<p class=\"has-text-align-center\">Nothing beats good bedding: it is <strong>the guarantee of a great night&#8217;s sleep and a source of well-being<\/strong>.<br>With a wide variety of products, <strong>mattresses, bed bases and accessories<\/strong>, Diroy knows how to meet your specific needs and gives you the keys to help you <strong>live your bedding experience<\/strong>.<\/p>\n\n\n\n<div class=\"wp-block-button aligncenter is-style-btn-outline-primary\"><a class=\"btn btn-outline-primary\" href=\"https:\/\/whttps:\/\/www.diroy.com\/?page_id=7353\">See our bedding tips<\/a><\/div>\n\n\n\n<h2 class=\"is-style-diroy wp-block-heading\">Our bedding ranges<\/h2>\n\n\n\n\n    <section id=\"excerpt-page-block_5d444482d60ff\" class=\"block-g block-excerpt alignfull bggris\">\r\n        <div class=\"container\">\r\n            <h3 class=\"block-title\"><\/h3>\r\n            <div class=\"row\">\r\n                                                                                <div class=\"col-md-6\">\r\n                            <div data-aos=\"fade-down-right\" data-aos-delay=\"0\" class=\"thumbnail\">\r\n                                    <figure  class=\"fit-cover\">\r\n                <picture>\r\n                                                            <source\r\n                        data-srcset=\"https:\/\/diroy.com\/wp-content\/uploads\/2019\/08\/normes-labels-570x408.jpg.webp 1x, https:\/\/diroy.com\/wp-content\/uploads\/2019\/08\/normes-labels-570x408-retina.jpg.webp 2x\"\r\n                        media=\"(max-width: 600px\"\/>\r\n                            \r\n            <img  class='lazy'                    width=\"670\"\r\n                    height=\"480\"\r\n            data-src=\"https:\/\/diroy.com\/wp-content\/uploads\/2019\/08\/normes-labels-670x480.jpg.webp\"\r\n            data-srcset=\"https:\/\/diroy.com\/wp-content\/uploads\/2019\/08\/normes-labels-670x480.jpg.webp 1x, https:\/\/diroy.com\/wp-content\/uploads\/2019\/08\/normes-labels-670x480-retina.jpg.webp 2x\"\r\n            alt=\"\"\r\n            \/>\r\n                    <\/picture>\r\n        <\/figure>\r\n                            <\/div>\r\n                            <div data-aos=\"fade-up-left\" data-aos-delay=\"0\" class=\"row m-0 justify-content-end\">\r\n                                <div class=\"content col-lg-8\">\r\n                                    <h2 class=\"title\">\r\n                                        <span >\r\n                                            Bedding <strong>Standards &#038; labels<\/strong>                                        <\/span>\r\n                                    <\/h2>\r\n                                                                                                                <p><a href=\"https:\/\/www.diroy.com\/?page_id=7333\" target=\"\" class=\"btn btn-outline-primary\">Find out more<\/a>\r\n                                        <\/p>\r\n                                                                    <\/div>\r\n                            <\/div>\r\n                        <\/div>\r\n                                                                    <div class=\"col-md-6\">\r\n                            <div data-aos=\"fade-down-right\" data-aos-delay=\"600\" class=\"thumbnail\">\r\n                                    <figure  class=\"fit-cover\">\r\n                <picture>\r\n                                                            <source\r\n                        data-srcset=\"https:\/\/diroy.com\/wp-content\/uploads\/2019\/08\/ou-nous-trouver-570x408.jpg.webp 1x, https:\/\/diroy.com\/wp-content\/uploads\/2019\/08\/ou-nous-trouver-570x408-retina.jpg.webp 2x\"\r\n                        media=\"(max-width: 600px\"\/>\r\n                            \r\n            <img  class='lazy'                    width=\"670\"\r\n                    height=\"480\"\r\n            data-src=\"https:\/\/diroy.com\/wp-content\/uploads\/2019\/08\/ou-nous-trouver-670x480.jpg.webp\"\r\n            data-srcset=\"https:\/\/diroy.com\/wp-content\/uploads\/2019\/08\/ou-nous-trouver-670x480.jpg.webp 1x, https:\/\/diroy.com\/wp-content\/uploads\/2019\/08\/ou-nous-trouver-670x480-retina.jpg.webp 2x\"\r\n            alt=\"\"\r\n            \/>\r\n                    <\/picture>\r\n        <\/figure>\r\n                            <\/div>\r\n                            <div data-aos=\"fade-up-left\" data-aos-delay=\"600\" class=\"row m-0 justify-content-end\">\r\n                                <div class=\"content col-lg-8\">\r\n                                    <h2 class=\"title\">\r\n                                        <span >\r\n                                            Bedding <strong>O\u00f9 nous trouver ?<\/strong>                                        <\/span>\r\n                                    <\/h2>\r\n                                                                                                                <p><a href=\"https:\/\/www.diroy.com\/?page_id=7258\" target=\"\" class=\"btn btn-outline-primary\">List of dealer partners<\/a>\r\n                                        <\/p>\r\n                                                                    <\/div>\r\n                            <\/div>\r\n                        <\/div>\r\n                                                                        <\/div>\r\n        <\/div>\r\n    <\/section>\r\n\n\n    <section id=\"excerpt-page-block_5d44579fc9fab\" class=\"block-g block-excerpt alignfull bgblanc\">\r\n        <div class=\"container\">\r\n            <h3 class=\"block-title\"><\/h3>\r\n            <div class=\"row\">\r\n                                    <div data-aos=\"fade-right\" class=\"col-md-6 col-img \">\r\n                            <figure  class=\"fit-cover\">\r\n                <picture>\r\n                                                            <source\r\n                        data-srcset=\"https:\/\/diroy.com\/wp-content\/uploads\/2019\/07\/PHOTO_GARANTIE-570x408.jpg.webp 1x, https:\/\/diroy.com\/wp-content\/uploads\/2019\/07\/PHOTO_GARANTIE-570x408-retina.jpg.webp 2x\"\r\n                        media=\"(max-width: 600px\"\/>\r\n                            \r\n            <img  class='lazy'                    width=\"670\"\r\n                    height=\"480\"\r\n            data-src=\"https:\/\/diroy.com\/wp-content\/uploads\/2019\/07\/PHOTO_GARANTIE-670x480.jpg.webp\"\r\n            data-srcset=\"https:\/\/diroy.com\/wp-content\/uploads\/2019\/07\/PHOTO_GARANTIE-670x480.jpg.webp 1x, https:\/\/diroy.com\/wp-content\/uploads\/2019\/07\/PHOTO_GARANTIE-670x480-retina.jpg.webp 2x\"\r\n            alt=\"\"\r\n            \/>\r\n                    <\/picture>\r\n        <\/figure>\r\n                    <\/div>\r\n                    <div data-aos=\"fade-left\" class=\"col-md-6 col-txt\">\r\n                        <div class=\"content\">\r\n                            <h2 class=\"title\">\r\n                                <span >\r\n                                    Warranty <strong>registration<\/strong>                                <\/span>\r\n                            <\/h2>\r\n                                                            <div class=\"excerpt\">\r\n                                    <p>Avec une fabrication 100 % fran\u00e7aise, certifi\u00e9e par le label \u00ab Belle Literie \u00bb et \u00ab Belle Literie Excellence \u00bb \u2013 gage de qualit\u00e9 \u2013, Diroy inspire d\u2019autant plus confiance qu\u2019il assure en ses process une tra\u00e7abilit\u00e9 \u00e0 la hauteur de ses exigences.<\/p>\n                                <\/div>\r\n                                                                                        <p><a href=\"https:\/\/www.diroy.com\/en\/bedding-experience\/warranty-registration\/\" target=\"\" class=\"btn btn-outline-primary\">Access to the form <\/a><\/p>\r\n                                                    <\/div>\r\n                    <\/div>\r\n                            <\/div>\r\n        <\/div>\r\n    <\/section>\r\n\n\n\n<h3 class=\"is-style-diroy wp-block-heading\">They trust us<\/h3>\n\n\n\r\n        <article id=\"references-slider-block_5d64d6be866f5\" class=\"block-g block-references-slider alignwide mb-5\">\r\n        <div class=\"container\">\r\n            <div class=\"references-slider\" data-nb-items=\"7\">\r\n                \r\n                        <figure  class=\"fit-cover px-3\">\r\n                    \r\n            <img  class='lazy'                    width=\"600\"\r\n                    height=\"404\"\r\n            data-src=\"https:\/\/diroy.com\/wp-content\/uploads\/2019\/09\/gazocean-600x404.jpg.webp\"\r\n            data-srcset=\"https:\/\/diroy.com\/wp-content\/uploads\/2019\/09\/gazocean-600x404.jpg.webp 1x, https:\/\/diroy.com\/wp-content\/uploads\/2019\/09\/gazocean-600x404-retina.jpg.webp 2x\"\r\n            alt=\"Logo Partenaire de Diroy :  Azocea\"\r\n            \/>\r\n                <\/figure>\r\n\r\n                \r\n                        <figure  class=\"fit-cover px-3\">\r\n                    \r\n            <img  class='lazy'                    width=\"600\"\r\n                    height=\"404\"\r\n            data-src=\"https:\/\/diroy.com\/wp-content\/uploads\/2019\/09\/gite-france-600x404.jpg.webp\"\r\n            data-srcset=\"https:\/\/diroy.com\/wp-content\/uploads\/2019\/09\/gite-france-600x404.jpg.webp 1x, https:\/\/diroy.com\/wp-content\/uploads\/2019\/09\/gite-france-600x404-retina.jpg.webp 2x\"\r\n            alt=\"Logo Partenaire de Diroy :  G\u00eetes de france\"\r\n            \/>\r\n                <\/figure>\r\n\r\n                \r\n                        <figure  class=\"fit-cover px-3\">\r\n                    \r\n            <img  class='lazy'                    width=\"600\"\r\n                    height=\"404\"\r\n            data-src=\"https:\/\/diroy.com\/wp-content\/uploads\/2019\/09\/holiday-Inn-600x404.jpg.webp\"\r\n            data-srcset=\"https:\/\/diroy.com\/wp-content\/uploads\/2019\/09\/holiday-Inn-600x404.jpg.webp 1x, https:\/\/diroy.com\/wp-content\/uploads\/2019\/09\/holiday-Inn-600x404-retina.jpg.webp 2x\"\r\n            alt=\"Logo Partenaire de Diroy :  Holiday Inn\"\r\n            \/>\r\n                <\/figure>\r\n\r\n                \r\n                        <figure  class=\"fit-cover px-3\">\r\n                    \r\n            <img  class='lazy'                    width=\"600\"\r\n                    height=\"404\"\r\n            data-src=\"https:\/\/diroy.com\/wp-content\/uploads\/2019\/09\/les-violettes-600x404.jpg.webp\"\r\n            data-srcset=\"https:\/\/diroy.com\/wp-content\/uploads\/2019\/09\/les-violettes-600x404.jpg.webp 1x, https:\/\/diroy.com\/wp-content\/uploads\/2019\/09\/les-violettes-600x404-retina.jpg.webp 2x\"\r\n            alt=\"Logo Partenaire de Diroy :   Les violettes hotel et spa\"\r\n            \/>\r\n                <\/figure>\r\n\r\n                \r\n                        <figure  class=\"fit-cover px-3\">\r\n                    \r\n            <img  class='lazy'                    width=\"600\"\r\n                    height=\"404\"\r\n            data-src=\"https:\/\/diroy.com\/wp-content\/uploads\/2019\/09\/rohan-600x404.jpg.webp\"\r\n            data-srcset=\"https:\/\/diroy.com\/wp-content\/uploads\/2019\/09\/rohan-600x404.jpg.webp 1x, https:\/\/diroy.com\/wp-content\/uploads\/2019\/09\/rohan-600x404-retina.jpg.webp 2x\"\r\n            alt=\"Logo Partenaire de Diroy : Rohan hotel Strasbourg\"\r\n            \/>\r\n                <\/figure>\r\n\r\n                \r\n                        <figure  class=\"fit-cover px-3\">\r\n                    \r\n            <img  class='lazy'                    width=\"600\"\r\n                    height=\"404\"\r\n            data-src=\"https:\/\/diroy.com\/wp-content\/uploads\/2019\/09\/seafrance-600x404.jpg.webp\"\r\n            data-srcset=\"https:\/\/diroy.com\/wp-content\/uploads\/2019\/09\/seafrance-600x404.jpg.webp 1x, https:\/\/diroy.com\/wp-content\/uploads\/2019\/09\/seafrance-600x404-retina.jpg.webp 2x\"\r\n            alt=\"Logo Partenaire de Diroy :  Seafrance\"\r\n            \/>\r\n                <\/figure>\r\n\r\n                \r\n                        <figure  class=\"fit-cover px-3\">\r\n                    \r\n            <img  class='lazy'                    width=\"600\"\r\n                    height=\"404\"\r\n            data-src=\"https:\/\/diroy.com\/wp-content\/uploads\/2019\/09\/courtyard-600x404.jpg.webp\"\r\n            data-srcset=\"https:\/\/diroy.com\/wp-content\/uploads\/2019\/09\/courtyard-600x404.jpg.webp 1x, https:\/\/diroy.com\/wp-content\/uploads\/2019\/09\/courtyard-600x404-retina.jpg.webp 2x\"\r\n            alt=\"Logo Partenaire de Diroy :  Courtyard\"\r\n            \/>\r\n                <\/figure>\r\n\r\n                \r\n                        <figure  class=\"fit-cover px-3\">\r\n                    \r\n            <img  class='lazy'                    width=\"600\"\r\n                    height=\"404\"\r\n            data-src=\"https:\/\/diroy.com\/wp-content\/uploads\/2019\/09\/croisi-europe-600x404.jpg.webp\"\r\n            data-srcset=\"https:\/\/diroy.com\/wp-content\/uploads\/2019\/09\/croisi-europe-600x404.jpg.webp 1x, https:\/\/diroy.com\/wp-content\/uploads\/2019\/09\/croisi-europe-600x404-retina.jpg.webp 2x\"\r\n            alt=\"Logo Partenaire de Diroy :  Croisi Europe\"\r\n            \/>\r\n                <\/figure>\r\n\r\n                            <\/div>\r\n        <\/div>\r\n    <\/article>\r\n","protected":false},"excerpt":{"rendered":"<p>Nothing beats good bedding: it is the guarantee of a great night&#8217;s sleep and a [&hellip;]<\/p>\n","protected":false},"author":1,"featured_media":8540,"parent":0,"menu_order":0,"comment_status":"closed","ping_status":"closed","template":"","meta":{"_acf_changed":false,"footnotes":""},"class_list":["post-7266","page","type-page","status-publish","has-post-thumbnail","hentry"],"acf":[],"yoast_head":"<!-- This site is optimized with the Yoast SEO plugin v23.4 - https:\/\/yoast.com\/wordpress\/plugins\/seo\/ -->\n<title>Bedding |experience - Diroy<\/title>\n<meta name=\"description\" content=\"All our bedding products meet rigorous quality standards and certified labels for your peace of mind.\" \/>\n<meta name=\"robots\" content=\"index, follow, max-snippet:-1, max-image-preview:large, max-video-preview:-1\" \/>\n<link rel=\"canonical\" href=\"https:\/\/diroy.com\/en\/bedding-experience\/\" \/>\n<meta property=\"og:locale\" content=\"en_US\" \/>\n<meta property=\"og:type\" content=\"article\" \/>\n<meta property=\"og:title\" content=\"Bedding |experience - Diroy\" \/>\n<meta property=\"og:description\" content=\"All our bedding products meet rigorous quality standards and certified labels for your peace of mind.\" \/>\n<meta property=\"og:url\" content=\"https:\/\/diroy.com\/en\/bedding-experience\/\" \/>\n<meta property=\"og:site_name\" content=\"Diroy\" \/>\n<meta property=\"article:modified_time\" content=\"2019-12-12T09:45:07+00:00\" \/>\n<meta property=\"og:image\" content=\"https:\/\/www.diroy.com\/wp-content\/uploads\/2020\/12\/une_literie_2021-1.jpg\" \/>\n\t<meta property=\"og:image:width\" content=\"1580\" \/>\n\t<meta property=\"og:image:height\" content=\"790\" \/>\n\t<meta property=\"og:image:type\" content=\"image\/jpeg\" \/>\n<meta name=\"twitter:card\" content=\"summary_large_image\" \/>\n<script type=\"application\/ld+json\" class=\"yoast-schema-graph\">{\"@context\":\"https:\/\/schema.org\",\"@graph\":[{\"@type\":\"WebPage\",\"@id\":\"https:\/\/diroy.com\/en\/bedding-experience\/\",\"url\":\"https:\/\/diroy.com\/en\/bedding-experience\/\",\"name\":\"Bedding |experience - Diroy\",\"isPartOf\":{\"@id\":\"https:\/\/diroy.com\/en\/#website\"},\"primaryImageOfPage\":{\"@id\":\"https:\/\/diroy.com\/en\/bedding-experience\/#primaryimage\"},\"image\":{\"@id\":\"https:\/\/diroy.com\/en\/bedding-experience\/#primaryimage\"},\"thumbnailUrl\":\"https:\/\/diroy.com\/wp-content\/uploads\/2020\/12\/une_literie_2021-1.jpg\",\"datePublished\":\"2019-07-16T12:15:38+00:00\",\"dateModified\":\"2019-12-12T09:45:07+00:00\",\"description\":\"All our bedding products meet rigorous quality standards and certified labels for your peace of mind.\",\"breadcrumb\":{\"@id\":\"https:\/\/diroy.com\/en\/bedding-experience\/#breadcrumb\"},\"inLanguage\":\"en-US\",\"potentialAction\":[{\"@type\":\"ReadAction\",\"target\":[\"https:\/\/diroy.com\/en\/bedding-experience\/\"]}]},{\"@type\":\"ImageObject\",\"inLanguage\":\"en-US\",\"@id\":\"https:\/\/diroy.com\/en\/bedding-experience\/#primaryimage\",\"url\":\"https:\/\/diroy.com\/wp-content\/uploads\/2020\/12\/une_literie_2021-1.jpg\",\"contentUrl\":\"https:\/\/diroy.com\/wp-content\/uploads\/2020\/12\/une_literie_2021-1.jpg\",\"width\":1580,\"height\":790,\"caption\":\"Photo femme dans la literie diroy\"},{\"@type\":\"BreadcrumbList\",\"@id\":\"https:\/\/diroy.com\/en\/bedding-experience\/#breadcrumb\",\"itemListElement\":[{\"@type\":\"ListItem\",\"position\":1,\"name\":\"Accueil\",\"item\":\"https:\/\/www.diroy.com\/en\/\"},{\"@type\":\"ListItem\",\"position\":2,\"name\":\"Bedding experience\"}]},{\"@type\":\"WebSite\",\"@id\":\"https:\/\/diroy.com\/en\/#website\",\"url\":\"https:\/\/diroy.com\/en\/\",\"name\":\"Diroy\",\"description\":\"\",\"potentialAction\":[{\"@type\":\"SearchAction\",\"target\":{\"@type\":\"EntryPoint\",\"urlTemplate\":\"https:\/\/diroy.com\/en\/?s={search_term_string}\"},\"query-input\":{\"@type\":\"PropertyValueSpecification\",\"valueRequired\":true,\"valueName\":\"search_term_string\"}}],\"inLanguage\":\"en-US\"}]}<\/script>\n<!-- \/ Yoast SEO plugin. -->","yoast_head_json":{"title":"Bedding |experience - Diroy","description":"All our bedding products meet rigorous quality standards and certified labels for your peace of mind.","robots":{"index":"index","follow":"follow","max-snippet":"max-snippet:-1","max-image-preview":"max-image-preview:large","max-video-preview":"max-video-preview:-1"},"canonical":"https:\/\/diroy.com\/en\/bedding-experience\/","og_locale":"en_US","og_type":"article","og_title":"Bedding |experience - Diroy","og_description":"All our bedding products meet rigorous quality standards and certified labels for your peace of mind.","og_url":"https:\/\/diroy.com\/en\/bedding-experience\/","og_site_name":"Diroy","article_modified_time":"2019-12-12T09:45:07+00:00","og_image":[{"width":1580,"height":790,"url":"https:\/\/www.diroy.com\/wp-content\/uploads\/2020\/12\/une_literie_2021-1.jpg","type":"image\/jpeg"}],"twitter_card":"summary_large_image","schema":{"@context":"https:\/\/schema.org","@graph":[{"@type":"WebPage","@id":"https:\/\/diroy.com\/en\/bedding-experience\/","url":"https:\/\/diroy.com\/en\/bedding-experience\/","name":"Bedding |experience - Diroy","isPartOf":{"@id":"https:\/\/diroy.com\/en\/#website"},"primaryImageOfPage":{"@id":"https:\/\/diroy.com\/en\/bedding-experience\/#primaryimage"},"image":{"@id":"https:\/\/diroy.com\/en\/bedding-experience\/#primaryimage"},"thumbnailUrl":"https:\/\/diroy.com\/wp-content\/uploads\/2020\/12\/une_literie_2021-1.jpg","datePublished":"2019-07-16T12:15:38+00:00","dateModified":"2019-12-12T09:45:07+00:00","description":"All our bedding products meet rigorous quality standards and certified labels for your peace of mind.","breadcrumb":{"@id":"https:\/\/diroy.com\/en\/bedding-experience\/#breadcrumb"},"inLanguage":"en-US","potentialAction":[{"@type":"ReadAction","target":["https:\/\/diroy.com\/en\/bedding-experience\/"]}]},{"@type":"ImageObject","inLanguage":"en-US","@id":"https:\/\/diroy.com\/en\/bedding-experience\/#primaryimage","url":"https:\/\/diroy.com\/wp-content\/uploads\/2020\/12\/une_literie_2021-1.jpg","contentUrl":"https:\/\/diroy.com\/wp-content\/uploads\/2020\/12\/une_literie_2021-1.jpg","width":1580,"height":790,"caption":"Photo femme dans la literie diroy"},{"@type":"BreadcrumbList","@id":"https:\/\/diroy.com\/en\/bedding-experience\/#breadcrumb","itemListElement":[{"@type":"ListItem","position":1,"name":"Accueil","item":"https:\/\/www.diroy.com\/en\/"},{"@type":"ListItem","position":2,"name":"Bedding experience"}]},{"@type":"WebSite","@id":"https:\/\/diroy.com\/en\/#website","url":"https:\/\/diroy.com\/en\/","name":"Diroy","description":"","potentialAction":[{"@type":"SearchAction","target":{"@type":"EntryPoint","urlTemplate":"https:\/\/diroy.com\/en\/?s={search_term_string}"},"query-input":{"@type":"PropertyValueSpecification","valueRequired":true,"valueName":"search_term_string"}}],"inLanguage":"en-US"}]}},"_links":{"self":[{"href":"https:\/\/diroy.com\/en\/wp-json\/wp\/v2\/pages\/7266"}],"collection":[{"href":"https:\/\/diroy.com\/en\/wp-json\/wp\/v2\/pages"}],"about":[{"href":"https:\/\/diroy.com\/en\/wp-json\/wp\/v2\/types\/page"}],"author":[{"embeddable":true,"href":"https:\/\/diroy.com\/en\/wp-json\/wp\/v2\/users\/1"}],"replies":[{"embeddable":true,"href":"https:\/\/diroy.com\/en\/wp-json\/wp\/v2\/comments?post=7266"}],"version-history":[{"count":0,"href":"https:\/\/diroy.com\/en\/wp-json\/wp\/v2\/pages\/7266\/revisions"}],"wp:featuredmedia":[{"embeddable":true,"href":"https:\/\/diroy.com\/en\/wp-json\/wp\/v2\/media\/8540"}],"wp:attachment":[{"href":"https:\/\/diroy.com\/en\/wp-json\/wp\/v2\/media?parent=7266"}],"curies":[{"name":"wp","href":"https:\/\/api.w.org\/{rel}","templated":true}]}}