{"id":7363,"date":"2019-09-25T17:33:12","date_gmt":"2019-09-25T15:33:12","guid":{"rendered":"http:\/\/wp-diroy.localhost\/experience-literie\/conseils-belle-literie\/conseils-accessoires\/opter-pour-le-bon-garnissage-couette-ou-garnissage-oreiller\/"},"modified":"2019-12-05T14:29:58","modified_gmt":"2019-12-05T13:29:58","slug":"opter-pour-le-bon-garnissage-couette-ou-garnissage-oreiller","status":"publish","type":"page","link":"https:\/\/diroy.com\/en\/bedding-experience\/belle-literie-tips\/conseils-accessoires\/opter-pour-le-bon-garnissage-couette-ou-garnissage-oreiller\/","title":{"rendered":"Opter pour le bon garnissage"},"content":{"rendered":"\n<p>Pour une chaleur et un confort naturels, les plumes et les duvets restent le mat\u00e9riau d\u2019excellence pour les oreillers et les traversins.<\/p>\n\n\n\n<p>\nIl\nexiste toutefois deux types de garnissage&nbsp;: le\ngarnissage naturel et le garnissage synth\u00e9tique.<\/p>\n\n\n\n<p>\nLe\ngarnissage naturel<\/p>\n\n\n\n<p>\nLes\nplumes et les duvets sont des mati\u00e8res saines et naturelles qui\npermettent au corps de bien respirer tout en assurant un bon\ntransfert de la transpiration. Le duvet est un isolant hors pair&nbsp;!<\/p>\n\n\n\n<p>\nLe\ngarnissage synth\u00e9tique<\/p>\n\n\n\n<p>\nQuant\nau garnissage synth\u00e9tique, il est parfaitement anallergique, facile\nd\u2019entretien et offre un rapport qualit\u00e9\/prix incomparable. Le\ngarnissage synth\u00e9tique est notamment recommand\u00e9 pour les chambres\nd\u2019enfants.<\/p>\n\n\n\n<p>\nLes\narticles de literie doivent \u00eatre r\u00e9guli\u00e8rement entretenus. Un\nentretien r\u00e9gulier permet \u00e0 votre literie de conserver sa qualit\u00e9\npendant de nombreuses ann\u00e9es et de vous offrir un confort naturel\nincomparable, sans danger pour votre sant\u00e9.<\/p>\n\n\n\n<p>\nIl\nfaudra se r\u00e9f\u00e9rer aux consignes du fabricant pour le nettoyage\nselon le garnissage.<\/p>\n\n\n\n<p>\n<em>Faites\nle choix de produits de qualit\u00e9.<\/em><\/p>\n\n\n\n<p><em>Choisissez la qualit\u00e9 Belle Literie !<\/em><\/p>\n","protected":false},"excerpt":{"rendered":"<p>Pour une chaleur et un confort naturels, les plumes et les duvets restent le mat\u00e9riau [&hellip;]<\/p>\n","protected":false},"author":1,"featured_media":6088,"parent":7360,"menu_order":0,"comment_status":"closed","ping_status":"closed","template":"","meta":{"_acf_changed":false,"footnotes":""},"class_list":["post-7363","page","type-page","status-publish","has-post-thumbnail","hentry"],"acf":[],"yoast_head":"<!-- This site is optimized with the Yoast SEO plugin v23.4 - https:\/\/yoast.com\/wordpress\/plugins\/seo\/ -->\n<title>Choisir le bon garnissage pour sa literie<\/title>\n<meta name=\"description\" content=\"Discover Diroy\u2019s expertise and know-how in bedding manufacturing.\" \/>\n<meta name=\"robots\" content=\"index, follow, max-snippet:-1, max-image-preview:large, max-video-preview:-1\" \/>\n<link rel=\"canonical\" href=\"https:\/\/diroy.com\/en\/bedding-experience\/belle-literie-tips\/conseils-accessoires\/opter-pour-le-bon-garnissage-couette-ou-garnissage-oreiller\/\" \/>\n<meta property=\"og:locale\" content=\"en_US\" \/>\n<meta property=\"og:type\" content=\"article\" \/>\n<meta property=\"og:title\" content=\"Choisir le bon garnissage pour sa literie\" \/>\n<meta property=\"og:description\" content=\"Discover Diroy\u2019s expertise and know-how in bedding manufacturing.\" \/>\n<meta property=\"og:url\" content=\"https:\/\/diroy.com\/en\/bedding-experience\/belle-literie-tips\/conseils-accessoires\/opter-pour-le-bon-garnissage-couette-ou-garnissage-oreiller\/\" \/>\n<meta property=\"og:site_name\" content=\"Diroy\" \/>\n<meta property=\"article:modified_time\" content=\"2019-12-05T13:29:58+00:00\" \/>\n<meta property=\"og:image\" content=\"https:\/\/www.diroy.com\/wp-content\/uploads\/2019\/09\/garnissage-couette.jpg\" \/>\n\t<meta property=\"og:image:width\" content=\"1000\" \/>\n\t<meta property=\"og:image:height\" content=\"537\" \/>\n\t<meta property=\"og:image:type\" content=\"image\/jpeg\" \/>\n<meta name=\"twitter:card\" content=\"summary_large_image\" \/>\n<meta name=\"twitter:label1\" content=\"Est. reading time\" \/>\n\t<meta name=\"twitter:data1\" content=\"1 minute\" \/>\n<script type=\"application\/ld+json\" class=\"yoast-schema-graph\">{\"@context\":\"https:\/\/schema.org\",\"@graph\":[{\"@type\":\"WebPage\",\"@id\":\"https:\/\/diroy.com\/en\/bedding-experience\/belle-literie-tips\/conseils-accessoires\/opter-pour-le-bon-garnissage-couette-ou-garnissage-oreiller\/\",\"url\":\"https:\/\/diroy.com\/en\/bedding-experience\/belle-literie-tips\/conseils-accessoires\/opter-pour-le-bon-garnissage-couette-ou-garnissage-oreiller\/\",\"name\":\"Choisir le bon garnissage pour sa literie\",\"isPartOf\":{\"@id\":\"https:\/\/diroy.com\/en\/#website\"},\"primaryImageOfPage\":{\"@id\":\"https:\/\/diroy.com\/en\/bedding-experience\/belle-literie-tips\/conseils-accessoires\/opter-pour-le-bon-garnissage-couette-ou-garnissage-oreiller\/#primaryimage\"},\"image\":{\"@id\":\"https:\/\/diroy.com\/en\/bedding-experience\/belle-literie-tips\/conseils-accessoires\/opter-pour-le-bon-garnissage-couette-ou-garnissage-oreiller\/#primaryimage\"},\"thumbnailUrl\":\"https:\/\/diroy.com\/wp-content\/uploads\/2019\/09\/garnissage-couette.jpg\",\"datePublished\":\"2019-09-25T15:33:12+00:00\",\"dateModified\":\"2019-12-05T13:29:58+00:00\",\"description\":\"Discover Diroy\u2019s expertise and know-how in bedding manufacturing.\",\"breadcrumb\":{\"@id\":\"https:\/\/diroy.com\/en\/bedding-experience\/belle-literie-tips\/conseils-accessoires\/opter-pour-le-bon-garnissage-couette-ou-garnissage-oreiller\/#breadcrumb\"},\"inLanguage\":\"en-US\",\"potentialAction\":[{\"@type\":\"ReadAction\",\"target\":[\"https:\/\/diroy.com\/en\/bedding-experience\/belle-literie-tips\/conseils-accessoires\/opter-pour-le-bon-garnissage-couette-ou-garnissage-oreiller\/\"]}]},{\"@type\":\"ImageObject\",\"inLanguage\":\"en-US\",\"@id\":\"https:\/\/diroy.com\/en\/bedding-experience\/belle-literie-tips\/conseils-accessoires\/opter-pour-le-bon-garnissage-couette-ou-garnissage-oreiller\/#primaryimage\",\"url\":\"https:\/\/diroy.com\/wp-content\/uploads\/2019\/09\/garnissage-couette.jpg\",\"contentUrl\":\"https:\/\/diroy.com\/wp-content\/uploads\/2019\/09\/garnissage-couette.jpg\",\"width\":1000,\"height\":537},{\"@type\":\"BreadcrumbList\",\"@id\":\"https:\/\/diroy.com\/en\/bedding-experience\/belle-literie-tips\/conseils-accessoires\/opter-pour-le-bon-garnissage-couette-ou-garnissage-oreiller\/#breadcrumb\",\"itemListElement\":[{\"@type\":\"ListItem\",\"position\":1,\"name\":\"Accueil\",\"item\":\"https:\/\/www.diroy.com\/en\/\"},{\"@type\":\"ListItem\",\"position\":2,\"name\":\"Bedding experience\",\"item\":\"https:\/\/www.diroy.com\/en\/bedding-experience\/\"},{\"@type\":\"ListItem\",\"position\":3,\"name\":\"Belle Literie Tips\",\"item\":\"https:\/\/www.diroy.com\/en\/bedding-experience\/belle-literie-tips\/\"},{\"@type\":\"ListItem\",\"position\":4,\"name\":\"Conseils accessoires\",\"item\":\"https:\/\/www.diroy.com\/en\/bedding-experience\/belle-literie-tips\/conseils-accessoires\/\"},{\"@type\":\"ListItem\",\"position\":5,\"name\":\"Opter pour le bon garnissage\"}]},{\"@type\":\"WebSite\",\"@id\":\"https:\/\/diroy.com\/en\/#website\",\"url\":\"https:\/\/diroy.com\/en\/\",\"name\":\"Diroy\",\"description\":\"\",\"potentialAction\":[{\"@type\":\"SearchAction\",\"target\":{\"@type\":\"EntryPoint\",\"urlTemplate\":\"https:\/\/diroy.com\/en\/?s={search_term_string}\"},\"query-input\":{\"@type\":\"PropertyValueSpecification\",\"valueRequired\":true,\"valueName\":\"search_term_string\"}}],\"inLanguage\":\"en-US\"}]}<\/script>\n<!-- \/ Yoast SEO plugin. -->","yoast_head_json":{"title":"Choisir le bon garnissage pour sa literie","description":"Discover Diroy\u2019s expertise and know-how in bedding manufacturing.","robots":{"index":"index","follow":"follow","max-snippet":"max-snippet:-1","max-image-preview":"max-image-preview:large","max-video-preview":"max-video-preview:-1"},"canonical":"https:\/\/diroy.com\/en\/bedding-experience\/belle-literie-tips\/conseils-accessoires\/opter-pour-le-bon-garnissage-couette-ou-garnissage-oreiller\/","og_locale":"en_US","og_type":"article","og_title":"Choisir le bon garnissage pour sa literie","og_description":"Discover Diroy\u2019s expertise and know-how in bedding manufacturing.","og_url":"https:\/\/diroy.com\/en\/bedding-experience\/belle-literie-tips\/conseils-accessoires\/opter-pour-le-bon-garnissage-couette-ou-garnissage-oreiller\/","og_site_name":"Diroy","article_modified_time":"2019-12-05T13:29:58+00:00","og_image":[{"width":1000,"height":537,"url":"https:\/\/www.diroy.com\/wp-content\/uploads\/2019\/09\/garnissage-couette.jpg","type":"image\/jpeg"}],"twitter_card":"summary_large_image","twitter_misc":{"Est. reading time":"1 minute"},"schema":{"@context":"https:\/\/schema.org","@graph":[{"@type":"WebPage","@id":"https:\/\/diroy.com\/en\/bedding-experience\/belle-literie-tips\/conseils-accessoires\/opter-pour-le-bon-garnissage-couette-ou-garnissage-oreiller\/","url":"https:\/\/diroy.com\/en\/bedding-experience\/belle-literie-tips\/conseils-accessoires\/opter-pour-le-bon-garnissage-couette-ou-garnissage-oreiller\/","name":"Choisir le bon garnissage pour sa literie","isPartOf":{"@id":"https:\/\/diroy.com\/en\/#website"},"primaryImageOfPage":{"@id":"https:\/\/diroy.com\/en\/bedding-experience\/belle-literie-tips\/conseils-accessoires\/opter-pour-le-bon-garnissage-couette-ou-garnissage-oreiller\/#primaryimage"},"image":{"@id":"https:\/\/diroy.com\/en\/bedding-experience\/belle-literie-tips\/conseils-accessoires\/opter-pour-le-bon-garnissage-couette-ou-garnissage-oreiller\/#primaryimage"},"thumbnailUrl":"https:\/\/diroy.com\/wp-content\/uploads\/2019\/09\/garnissage-couette.jpg","datePublished":"2019-09-25T15:33:12+00:00","dateModified":"2019-12-05T13:29:58+00:00","description":"Discover Diroy\u2019s expertise and know-how in bedding manufacturing.","breadcrumb":{"@id":"https:\/\/diroy.com\/en\/bedding-experience\/belle-literie-tips\/conseils-accessoires\/opter-pour-le-bon-garnissage-couette-ou-garnissage-oreiller\/#breadcrumb"},"inLanguage":"en-US","potentialAction":[{"@type":"ReadAction","target":["https:\/\/diroy.com\/en\/bedding-experience\/belle-literie-tips\/conseils-accessoires\/opter-pour-le-bon-garnissage-couette-ou-garnissage-oreiller\/"]}]},{"@type":"ImageObject","inLanguage":"en-US","@id":"https:\/\/diroy.com\/en\/bedding-experience\/belle-literie-tips\/conseils-accessoires\/opter-pour-le-bon-garnissage-couette-ou-garnissage-oreiller\/#primaryimage","url":"https:\/\/diroy.com\/wp-content\/uploads\/2019\/09\/garnissage-couette.jpg","contentUrl":"https:\/\/diroy.com\/wp-content\/uploads\/2019\/09\/garnissage-couette.jpg","width":1000,"height":537},{"@type":"BreadcrumbList","@id":"https:\/\/diroy.com\/en\/bedding-experience\/belle-literie-tips\/conseils-accessoires\/opter-pour-le-bon-garnissage-couette-ou-garnissage-oreiller\/#breadcrumb","itemListElement":[{"@type":"ListItem","position":1,"name":"Accueil","item":"https:\/\/www.diroy.com\/en\/"},{"@type":"ListItem","position":2,"name":"Bedding experience","item":"https:\/\/www.diroy.com\/en\/bedding-experience\/"},{"@type":"ListItem","position":3,"name":"Belle Literie Tips","item":"https:\/\/www.diroy.com\/en\/bedding-experience\/belle-literie-tips\/"},{"@type":"ListItem","position":4,"name":"Conseils accessoires","item":"https:\/\/www.diroy.com\/en\/bedding-experience\/belle-literie-tips\/conseils-accessoires\/"},{"@type":"ListItem","position":5,"name":"Opter pour le bon garnissage"}]},{"@type":"WebSite","@id":"https:\/\/diroy.com\/en\/#website","url":"https:\/\/diroy.com\/en\/","name":"Diroy","description":"","potentialAction":[{"@type":"SearchAction","target":{"@type":"EntryPoint","urlTemplate":"https:\/\/diroy.com\/en\/?s={search_term_string}"},"query-input":{"@type":"PropertyValueSpecification","valueRequired":true,"valueName":"search_term_string"}}],"inLanguage":"en-US"}]}},"_links":{"self":[{"href":"https:\/\/diroy.com\/en\/wp-json\/wp\/v2\/pages\/7363"}],"collection":[{"href":"https:\/\/diroy.com\/en\/wp-json\/wp\/v2\/pages"}],"about":[{"href":"https:\/\/diroy.com\/en\/wp-json\/wp\/v2\/types\/page"}],"author":[{"embeddable":true,"href":"https:\/\/diroy.com\/en\/wp-json\/wp\/v2\/users\/1"}],"replies":[{"embeddable":true,"href":"https:\/\/diroy.com\/en\/wp-json\/wp\/v2\/comments?post=7363"}],"version-history":[{"count":0,"href":"https:\/\/diroy.com\/en\/wp-json\/wp\/v2\/pages\/7363\/revisions"}],"up":[{"embeddable":true,"href":"https:\/\/diroy.com\/en\/wp-json\/wp\/v2\/pages\/7360"}],"wp:featuredmedia":[{"embeddable":true,"href":"https:\/\/diroy.com\/en\/wp-json\/wp\/v2\/media\/6088"}],"wp:attachment":[{"href":"https:\/\/diroy.com\/en\/wp-json\/wp\/v2\/media?parent=7363"}],"curies":[{"name":"wp","href":"https:\/\/api.w.org\/{rel}","templated":true}]}}